{"id":3375,"date":"2022-01-12T18:11:42","date_gmt":"2022-01-12T17:11:42","guid":{"rendered":"https:\/\/www.domaine-valinches.fr\/seminar-event\/devis-seminaire\/"},"modified":"2023-06-20T15:14:19","modified_gmt":"2023-06-20T13:14:19","slug":"request-quote","status":"publish","type":"page","link":"https:\/\/www.domaine-valinches.fr\/en\/seminar-event\/request-quote\/","title":{"rendered":"Seminar quotation"},"content":{"rendered":"\n<style type=\"text\/css\" data-created_by=\"avia_inline_auto\" id=\"style-css-av-kybsy3ei-a7f0ed2eed6ca72f37630250cbfed8d5\">\n.avia-section.av-kybsy3ei-a7f0ed2eed6ca72f37630250cbfed8d5{\nbackground-repeat:no-repeat;\nbackground-image:url(https:\/\/www.domaine-valinches.fr\/wp-content\/uploads\/2022\/01\/chateau-valinches_21.jpg);\nbackground-position:50% 50%;\nbackground-attachment:scroll;\nmargin-top:0px;\nmargin-bottom:40px;\n}\n<\/style>\n<div id='av_section_1'  class='avia-section av-kybsy3ei-a7f0ed2eed6ca72f37630250cbfed8d5 main_color avia-section-no-padding avia-no-border-styling  avia-builder-el-0  el_before_av_two_fifth  avia-builder-el-first  avia-full-stretch avia-bg-style-scroll av-minimum-height av-minimum-height-custom av-height-custom  container_wrap fullsize'  data-section-bg-repeat='stretch' data-av_minimum_height_px='400'><div class='container av-section-cont-open' style='height:400px'><main  role=\"main\" itemprop=\"mainContentOfPage\"  class='template-page content  av-content-full alpha units'><div class='post-entry post-entry-type-page post-entry-3375'><div class='entry-content-wrapper clearfix'><\/div><\/div><\/main><!-- close content main element --><\/div><\/div><div id='after_section_1'  class='main_color av_default_container_wrap container_wrap fullsize'  ><div class='container av-section-cont-open' ><div class='template-page content  av-content-full alpha units'><div class='post-entry post-entry-type-page post-entry-3375'><div class='entry-content-wrapper clearfix'>\n<div  class='flex_column av-19mgk5b-b7da2beb46071ee3dcbb7331c91f1e66 av_two_fifth  avia-builder-el-1  el_after_av_section  el_before_av_three_fifth  avia-builder-el-first  first flex_column_div  '     ><p>\n<style type=\"text\/css\" data-created_by=\"avia_inline_auto\" id=\"style-css-av-1833w1b-5d2a389ed6fc323e35d7a5ed566e06bf\">\n#top .av-special-heading.av-1833w1b-5d2a389ed6fc323e35d7a5ed566e06bf{\npadding-bottom:10px;\n}\nbody .av-special-heading.av-1833w1b-5d2a389ed6fc323e35d7a5ed566e06bf .av-special-heading-tag .heading-char{\nfont-size:25px;\n}\n.av-special-heading.av-1833w1b-5d2a389ed6fc323e35d7a5ed566e06bf .av-subheading{\nfont-size:15px;\n}\n<\/style>\n<div  class='av-special-heading av-1833w1b-5d2a389ed6fc323e35d7a5ed566e06bf av-special-heading-h2 custom-color-heading blockquote modern-quote  avia-builder-el-2  el_before_av_textblock  avia-builder-el-first '><h2 class='av-special-heading-tag '  itemprop=\"headline\"  >Request a quote for a business event \/ seminar<\/h2><div class=\"special-heading-border\"><div class=\"special-heading-inner-border\"><\/div><\/div><\/div><br \/>\n<section  class='av_textblock_section av-15zqmkf-4b87bb4cc6ba1a57db5e8577e0e855ae '   itemscope=\"itemscope\" itemtype=\"https:\/\/schema.org\/CreativeWork\" ><div class='avia_textblock'  itemprop=\"text\" ><p>If you want to <a href=\"https:\/\/www.domaine-valinches.fr\/en\/seminar-event\/\">organise a business event in France<\/a> at Domaine de Valinches Castle and estate, you can contact us at <a href=\"mailto:contact@domaine-valinches.fr\">contact@domaine-valinches.fr<\/a> or <a href=\"tel:+33477522247\">+33 (0)4 77 52 22 47<\/a> or by filling this form:<\/p>\n<\/div><\/section><br \/>\n\n<style type=\"text\/css\" data-created_by=\"avia_inline_auto\" id=\"style-css-av-141ju27-ad248f9704775ca637bb2144bc31fb07\">\n#top .hr.hr-invisible.av-141ju27-ad248f9704775ca637bb2144bc31fb07{\nheight:30px;\n}\n<\/style>\n<div  class='hr av-141ju27-ad248f9704775ca637bb2144bc31fb07 hr-invisible  avia-builder-el-4  el_after_av_textblock  el_before_av_image '><span class='hr-inner '><span class=\"hr-inner-style\"><\/span><\/span><\/div><br \/>\n\n<style type=\"text\/css\" data-created_by=\"avia_inline_auto\" id=\"style-css-av-12va9tr-d9d68da7ca5ad6360c5c89727b6f5610\">\n.avia-image-container.av-12va9tr-d9d68da7ca5ad6360c5c89727b6f5610 img.avia_image{\n-webkit-box-shadow:none;\n-moz-box-shadow:none;\nbox-shadow:none;\n}\n.avia-image-container.av-12va9tr-d9d68da7ca5ad6360c5c89727b6f5610 .av-image-caption-overlay-center{\ncolor:#ffffff;\n}\n<\/style>\n<div  class='avia-image-container av-12va9tr-d9d68da7ca5ad6360c5c89727b6f5610 av-styling- avia-align-center  avia-builder-el-5  el_after_av_hr  avia-builder-el-last  av-medium-hide av-small-hide av-mini-hide'   itemprop=\"image\" itemscope=\"itemscope\" itemtype=\"https:\/\/schema.org\/ImageObject\" ><div class=\"avia-image-container-inner\"><div class=\"avia-image-overlay-wrap\"><img decoding=\"async\" fetchpriority=\"high\" class='wp-image-3027 avia-img-lazy-loading-not-3027 avia_image ' src=\"https:\/\/www.domaine-valinches.fr\/wp-content\/uploads\/2022\/01\/seminaire_marols.jpg\" alt='' title=''  height=\"527\" width=\"790\"  itemprop=\"thumbnailUrl\" srcset=\"https:\/\/www.domaine-valinches.fr\/wp-content\/uploads\/2022\/01\/seminaire_marols.jpg 790w, https:\/\/www.domaine-valinches.fr\/wp-content\/uploads\/2022\/01\/seminaire_marols-300x200.jpg 300w, https:\/\/www.domaine-valinches.fr\/wp-content\/uploads\/2022\/01\/seminaire_marols-768x512.jpg 768w, https:\/\/www.domaine-valinches.fr\/wp-content\/uploads\/2022\/01\/seminaire_marols-705x470.jpg 705w\" sizes=\"(max-width: 790px) 100vw, 790px\" \/><\/div><\/div><\/div><\/p><\/div>\n<div  class='flex_column av-10jtxyn-6e54960060f241b73272c98057971d32 av_three_fifth  avia-builder-el-6  el_after_av_two_fifth  el_before_av_hr  flex_column_div  '     ><form action=\"https:\/\/www.domaine-valinches.fr\/en\/seminar-event\/request-quote\/\" method=\"post\" data-fields-with-error=\"Found errors in the following field(s):\" class=\"avia_ajax_form av-form-labels-visible   avia-builder-el-7  avia-builder-el-no-sibling   \" data-avia-form-id=\"1\" data-avia-redirect='' ><h3 class=''>Your project of business event:<\/h3><fieldset><p class='  first_form  form_element form_element_half' id='element_avia_1_1'><label for=\"avia_1_1\">Company <abbr class=\"required\" title=\"required\">*<\/abbr><\/label> <input name=\"avia_1_1\" class=\"text_input is_empty\" type=\"text\" id=\"avia_1_1\" value=\"\" \/><\/p><p class='  form_element form_element_half' id='element_avia_2_1'><label for=\"avia_2_1\">Name <abbr class=\"required\" title=\"required\">*<\/abbr><\/label> <input name=\"avia_2_1\" class=\"text_input is_empty\" type=\"text\" id=\"avia_2_1\" value=\"\" \/><\/p><p class='  first_form  form_element form_element_half' id='element_avia_3_1'><label for=\"avia_3_1\">Phone <abbr class=\"required\" title=\"required\">*<\/abbr><\/label> <input name=\"avia_3_1\" class=\"text_input is_phone\" type=\"text\" id=\"avia_3_1\" value=\"\" \/><\/p><p class='  form_element form_element_half' id='element_avia_4_1'><label for=\"avia_4_1\">E-Mail <abbr class=\"required\" title=\"required\">*<\/abbr><\/label> <input name=\"avia_4_1\" class=\"text_input is_email\" type=\"text\" id=\"avia_4_1\" value=\"\" \/><\/p><p class='  first_form  form_element form_element_half' id='element_avia_5_1'><label for=\"avia_5_1\">Type of event <abbr class=\"required\" title=\"required\">*<\/abbr><\/label><select  name=\"avia_5_1\" class=\"select is_empty\" id=\"avia_5_1\"><option   value='Workshop'>Workshop<\/option><option   value='residential seminar'>residential seminar<\/option><option   value='Meal'>Meal<\/option><option   value='Cocktail'>Cocktail<\/option><option   value='Soir\u00e9e'>Soir\u00e9e<\/option><option   value='Breakfast'>Breakfast<\/option><option   value='Other'>Other<\/option><\/select><\/p><p class='  form_element form_element_half' id='element_avia_6_1'><label for=\"avia_6_1\">Nb. of people <abbr class=\"required\" title=\"required\">*<\/abbr><\/label> <input name=\"avia_6_1\" class=\"text_input is_number\" type=\"text\" id=\"avia_6_1\" value=\"\" \/><\/p><p class='  first_form  form_element form_element_half' id='element_avia_7_1'><label for=\"avia_7_1\">Nb. of rooms<\/label> <input name=\"avia_7_1\" class=\"text_input \" type=\"text\" id=\"avia_7_1\" value=\"\" \/><\/p><p class='  form_element form_element_half' id='element_avia_8_1'><label for=\"avia_8_1\">Type of room<\/label><select  name=\"avia_8_1\" class=\"select \" id=\"avia_8_1\"><option  selected=\"selected\" value=''><\/option><option   value='Single'>Single<\/option><option   value='Twin'>Twin<\/option><option   value='Double'>Double<\/option><option   value='Triple'>Triple<\/option><\/select><\/p><p class='  first_form  form_element form_element_half' id='element_avia_9_1'><label for=\"avia_9_1\">Arrival date <abbr class=\"required\" title=\"required\">*<\/abbr><\/label> <input name=\"avia_9_1\" class=\"avia_datepicker text_input is_empty\" type=\"text\" id=\"avia_9_1\" value=\"\" placeholder=\"DD \/ MM \/ YY\" inputmode=\"none\" \/><\/p><p class='  form_element form_element_half' id='element_avia_10_1'><label for=\"avia_10_1\">Checkout date <abbr class=\"required\" title=\"required\">*<\/abbr><\/label> <input name=\"avia_10_1\" class=\"avia_datepicker text_input is_empty\" type=\"text\" id=\"avia_10_1\" value=\"\" placeholder=\"DD \/ MM \/ YY\" inputmode=\"none\" \/><\/p><p class='  first_form  form_element form_element_half' id='element_avia_11_1'><label for=\"avia_11_1\">Flexible dates?<\/label><select  name=\"avia_11_1\" class=\"select \" id=\"avia_11_1\"><option   value='Yes'>Yes<\/option><option   value='No'>No<\/option><\/select><\/p><p class='  form_element form_element_half' id='element_avia_12_1'><label for=\"avia_12_1\">Budget<\/label> <input name=\"avia_12_1\" class=\"text_input \" type=\"text\" id=\"avia_12_1\" value=\"\" \/><\/p><p class='  first_form  form_element form_fullwidth' id='element_avia_13_1'><label for=\"avia_13_1\" class=\"textare_label hidden textare_label_avia_13_1\">Specific needs, Additional information<\/label><textarea  name=\"avia_13_1\" class=\"text_area \" cols=\"40\" rows=\"7\" id=\"avia_13_1\" ><\/textarea><\/p><p class='  first_form  form_element form_fullwidth' id='element_avia_14_1'><label for=\"avia_14_1\" class=\"textare_label hidden textare_label_avia_14_1\">How did you know us?<\/label><textarea  name=\"avia_14_1\" class=\"text_area \" cols=\"40\" rows=\"7\" id=\"avia_14_1\" ><\/textarea><\/p><p class=\"hidden\"><input type=\"text\" name=\"avia_15_1\" class=\"hidden \" id=\"avia_15_1\" value=\"\" \/><\/p><p class='   form_element form_fullwidth' id='element_avia_16_1'><span class='value_verifier_label'>4 + 0 = ?<\/span><input name=\"avia_16_1_verifier\" type=\"hidden\" id=\"avia_16_1_verifier\" value=\"181416313\"\/><label for=\"avia_16_1\">Please prove that you are human by solving the equation <abbr class=\"required\" title=\"required\">*<\/abbr><\/label><input name=\"avia_16_1\" class=\"text_input captcha\" type=\"text\" id=\"avia_16_1\" value=\"\"\/><\/p><p class=\"form_element \"><input type=\"hidden\" value=\"1\" name=\"avia_generated_form1\" \/><input type=\"submit\" value=\"Send\" class=\"button\"  data-sending-label=\"Sending\"\/><\/p><\/fieldset><\/form><div id=\"ajaxresponse_1\" class=\"ajaxresponse ajaxresponse_1 hidden\"><\/div><\/div>\n\n<style type=\"text\/css\" data-created_by=\"avia_inline_auto\" id=\"style-css-av-ahjnfz-6931d843dd267daea8d73a6817191bf4\">\n#top .hr.hr-invisible.av-ahjnfz-6931d843dd267daea8d73a6817191bf4{\nheight:50px;\n}\n<\/style>\n<div  class='hr av-ahjnfz-6931d843dd267daea8d73a6817191bf4 hr-invisible  avia-builder-el-8  el_after_av_three_fifth  el_before_av_section  avia-builder-el-last '><span class='hr-inner '><span class=\"hr-inner-style\"><\/span><\/span><\/div>\n<\/div><\/div><\/div><!-- close content main div --><\/div><\/div>\n<style type=\"text\/css\" data-created_by=\"avia_inline_auto\" id=\"style-css-av-9w7ou7-1cad13c28b874446f5d3be984a0e94c4\">\n.avia-section.av-9w7ou7-1cad13c28b874446f5d3be984a0e94c4 .av-parallax .av-parallax-inner{\nbackground-repeat:no-repeat;\nbackground-image:url(https:\/\/www.domaine-valinches.fr\/wp-content\/uploads\/2020\/08\/chateau-valinches-20-1030x687.jpg);\nbackground-position:50% 50%;\nbackground-attachment:scroll;\n}\n.avia-section.av-9w7ou7-1cad13c28b874446f5d3be984a0e94c4 .av-section-color-overlay{\nopacity:0.4;\nbackground-color:#321921;\n}\n<\/style>\n<div id='av_section_2'  class='avia-section av-9w7ou7-1cad13c28b874446f5d3be984a0e94c4 main_color avia-section-large avia-no-border-styling  avia-builder-el-9  el_after_av_hr  el_before_av_one_full  av-parallax-section avia-bg-style-parallax av-section-color-overlay-active container_wrap fullsize'  data-section-bg-repeat='no-repeat'><div class='av-parallax' data-avia-parallax-ratio='0.3' ><div class='av-parallax-inner main_color avia-full-stretch'><\/div><\/div><div class=\"av-section-color-overlay-wrap\"><div class=\"av-section-color-overlay\"><\/div><div class='container av-section-cont-open' ><div class='template-page content  av-content-full alpha units'><div class='post-entry post-entry-type-page post-entry-3375'><div class='entry-content-wrapper clearfix'>\n\n<style type=\"text\/css\" data-created_by=\"avia_inline_auto\" id=\"style-css-av-rmccv-48591545515bf3f0beb24fd9adae72ed\">\n#top .av-special-heading.av-rmccv-48591545515bf3f0beb24fd9adae72ed{\npadding-bottom:10px;\ncolor:#ffffff;\n}\nbody .av-special-heading.av-rmccv-48591545515bf3f0beb24fd9adae72ed .av-special-heading-tag .heading-char{\nfont-size:25px;\n}\n.av-special-heading.av-rmccv-48591545515bf3f0beb24fd9adae72ed .special-heading-inner-border{\nborder-color:#ffffff;\n}\n.av-special-heading.av-rmccv-48591545515bf3f0beb24fd9adae72ed .av-subheading{\nfont-size:15px;\n}\n<\/style>\n<div  class='av-special-heading av-rmccv-48591545515bf3f0beb24fd9adae72ed av-special-heading-h2 custom-color-heading blockquote modern-quote modern-centered  avia-builder-el-10  avia-builder-el-no-sibling  ombre'><h2 class='av-special-heading-tag '  itemprop=\"headline\"  >Testimonial<\/h2><div class=\"special-heading-border\"><div class=\"special-heading-inner-border\"><\/div><\/div><\/div>\n<\/div><\/div><\/div><!-- close content main div --><\/div><\/div><\/div><div id='after_section_2'  class='main_color av_default_container_wrap container_wrap fullsize'  ><div class='container av-section-cont-open' ><div class='template-page content  av-content-full alpha units'><div class='post-entry post-entry-type-page post-entry-3375'><div class='entry-content-wrapper clearfix'>\n<div  class='flex_column av-60ujjz-a85655c2789a18cc9510daf1f15e6a51 av_one_full  avia-builder-el-11  el_after_av_section  avia-builder-el-no-sibling  nlsib first flex_column_div  '     ><p><section  class='av_textblock_section av-kybsx9mq-d3c0290ae2441fcd10a6386e3f45ae4e '   itemscope=\"itemscope\" itemtype=\"https:\/\/schema.org\/CreativeWork\" ><div class='avia_textblock'  itemprop=\"text\" >\n<style type=\"text\/css\" data-created_by=\"avia_inline_auto\" id=\"style-css-av-lwsy5clr-0aa009f079e838306113af1db5f624a7\">\n#top .hr.hr-invisible.av-lwsy5clr-0aa009f079e838306113af1db5f624a7{\nheight:70px;\n}\n<\/style>\n<div  class='hr av-lwsy5clr-0aa009f079e838306113af1db5f624a7 hr-invisible  avia-builder-el-13  el_after_av_textblock  avia-builder-el-last '><span class='hr-inner '><span class=\"hr-inner-style\"><\/span><\/span><\/div>\n<section  class='av_textblock_section av-lwsyc0q2-fec0bf2b59d9c9d759700555d65804bf '   itemscope=\"itemscope\" itemtype=\"https:\/\/schema.org\/CreativeWork\" ><div class='avia_textblock testititle'  itemprop=\"text\" ><h2>T\u00e9moignages<\/h2>\n<\/div><\/section>\n\n<style type=\"text\/css\" data-created_by=\"avia_inline_auto\" id=\"style-css-av-dys6a9-db7323b4b3f46fcf327ad18ae7d7eac9\">\n#top .av-slideshow-ui.av-dys6a9-db7323b4b3f46fcf327ad18ae7d7eac9 .avia-slideshow-arrows a{\ncolor:#321921;\n}\n#top .av-slideshow-ui.av-dys6a9-db7323b4b3f46fcf327ad18ae7d7eac9 .avia-slideshow-arrows a.avia-svg-icon svg:first-child{\nstroke:#321921 !important;\nfill:#321921 !important;\n}\n<\/style>\n<div  class='avia-testimonial-wrapper av-dys6a9-db7323b4b3f46fcf327ad18ae7d7eac9 avia-slider-testimonials avia-slider-2-testimonials avia_animate_when_almost_visible av-large-testimonial-slider av-slideshow-ui av-control-default av-nav-arrows-visible av-no-slider-navigation av-slider-hover-pause av-slideshow-autoplay av-loop-endless av-loop-manual-endless' data-slideshow-options=\"{&quot;animation&quot;:&quot;fade&quot;,&quot;autoplay&quot;:true,&quot;loop_autoplay&quot;:&quot;endless&quot;,&quot;interval&quot;:5,&quot;loop_manual&quot;:&quot;manual-endless&quot;,&quot;autoplay_stopper&quot;:false,&quot;noNavigation&quot;:false,&quot;bg_slider&quot;:false,&quot;keep_padding&quot;:&quot;&quot;,&quot;hoverpause&quot;:true,&quot;show_slide_delay&quot;:0}\">\n<section class=\"avia-testimonial-row\"><div class='avia-testimonial av-25b68x-e5ea1089ac749c6a87a3e3d6bf1a7356 avia-testimonial-row-1 avia-first-testimonial flex_column no_margin av_one_half'><div class='avia-testimonial_inner'  itemscope=\"itemscope\" itemtype=\"https:\/\/schema.org\/CreativeWork\" ><div class='avia-testimonial-content '><div class='avia-testimonial-markup-entry-content'  itemprop=\"text\" ><p>Accueil parfait, dans un cadre d&#8217;exception et avec un professionnalisme de tr\u00e8s haut standing ! Encore merci.<br \/>\nS\u00e9minaire r\u00e9sidentiel, janvier 2023.<\/p>\n<\/div><\/div><div class=\"avia-testimonial-meta\"><div class=\"avia-testimonial-arrow-wrap\"><div class=\"avia-arrow\"><\/div><\/div><div class='avia-testimonial-meta-mini'  itemprop=\"author\" itemscope=\"itemscope\" itemtype=\"https:\/\/schema.org\/Person\" ><strong  class='avia-testimonial-name'  itemprop=\"name\" >GRDF<\/strong><\/div><\/div><\/div><\/div>\n<div class='avia-testimonial av-le72kun7-c79472b0862f47d8cbac8548b42b25d6 avia-testimonial-row-1 flex_column no_margin av_one_half'><div class='avia-testimonial_inner'  itemscope=\"itemscope\" itemtype=\"https:\/\/schema.org\/CreativeWork\" ><div class='avia-testimonial-content '><div class='avia-testimonial-markup-entry-content'  itemprop=\"text\" ><p>Aucune fausse note ! S\u00e9minaire organis\u00e9 de mani\u00e8re tr\u00e8s professionnelle. Ch\u00e2teau r\u00e9nov\u00e9 exceptionnellement avec go\u00fbt et \u00e9quipement hi-Tech. De la qualit\u00e9 du service, la sympathie de l\u2019\u00e9quipe dans sa globalit\u00e9 tout \u00e9tait parfait !<br \/>\nRecommandation des prestations et animations tri\u00e9es sur le volet, que des pros dans leur domaine !<br \/>\nEn r\u00e9sum\u00e9 allez-y les yeux ferm\u00e9s et faites leur confiance.<br \/>\nS\u00e9minaire, f\u00e9vrier 2023<\/p>\n<\/div><\/div><div class=\"avia-testimonial-meta\"><div class=\"avia-testimonial-arrow-wrap\"><div class=\"avia-arrow\"><\/div><\/div><div class='avia-testimonial-meta-mini'  itemprop=\"author\" itemscope=\"itemscope\" itemtype=\"https:\/\/schema.org\/Person\" ><strong  class='avia-testimonial-name'  itemprop=\"name\" >O de Soi <\/strong><\/div><\/div><\/div><\/div>\n<div class='avia-testimonial av-lfqjozu3-97c555622bcd429520939eaf14b043d6 avia-testimonial-row-1 flex_column no_margin av_one_half'><div class='avia-testimonial_inner'  itemscope=\"itemscope\" itemtype=\"https:\/\/schema.org\/CreativeWork\" ><div class='avia-testimonial-content '><div class='avia-testimonial-markup-entry-content'  itemprop=\"text\" ><p>Un tr\u00e8s bel endroit pour r\u00e9ussir votre s\u00e9minaire. Merci \u00e0 Audrey et ses coll\u00e8gues pour leur disponibilit\u00e9 et la qualit\u00e9 de l&#8217;accueil.<\/p>\n<p>S\u00e9minaire mars 2023<\/p>\n<\/div><\/div><div class=\"avia-testimonial-meta\"><div class=\"avia-testimonial-arrow-wrap\"><div class=\"avia-arrow\"><\/div><\/div><div class='avia-testimonial-meta-mini'  itemprop=\"author\" itemscope=\"itemscope\" itemtype=\"https:\/\/schema.org\/Person\" ><strong  class='avia-testimonial-name'  itemprop=\"name\" >CARSAT<\/strong><\/div><\/div><\/div><\/div>\n<div class='avia-testimonial av-lq3htntp-934d476575d8a39dd5da2f4e64a1d836 avia-testimonial-row-1 flex_column no_margin av_one_half'><div class='avia-testimonial_inner'  itemscope=\"itemscope\" itemtype=\"https:\/\/schema.org\/CreativeWork\" ><div class='avia-testimonial-content '><div class='avia-testimonial-markup-entry-content'  itemprop=\"text\" ><p style=\"font-weight: 400;\">C\u2019est toujours un r\u00e9el plaisir de d\u00e9jeuner au Domaine.<\/p>\n<p style=\"font-weight: 400;\">Tout est parfait !<\/p>\n<p style=\"font-weight: 400;\">Au plaisir d\u2019un nouvel \u00e9v\u00e8nement \u00e0 organiser au sein de votre \u00e9tablissement.<\/p>\n<p>(Journ\u00e9e d&#8217;\u00e9tude, d\u00e9cembre 2023).<\/p>\n<\/div><\/div><div class=\"avia-testimonial-meta\"><div class=\"avia-testimonial-arrow-wrap\"><div class=\"avia-arrow\"><\/div><\/div><div class='avia-testimonial-meta-mini'  itemprop=\"author\" itemscope=\"itemscope\" itemtype=\"https:\/\/schema.org\/Person\" ><strong  class='avia-testimonial-name'  itemprop=\"name\" >Eiffage<\/strong><\/div><\/div><\/div><\/div>\n<div class='avia-testimonial av-lq3huchp-9cd03ac975d9e507232598a4804ec8e2 avia-testimonial-row-1 flex_column no_margin av_one_half'><div class='avia-testimonial_inner'  itemscope=\"itemscope\" itemtype=\"https:\/\/schema.org\/CreativeWork\" ><div class='avia-testimonial-content '><div class='avia-testimonial-markup-entry-content'  itemprop=\"text\" ><p style=\"font-weight: 400;\">Lieu tr\u00e8s agr\u00e9able et calme, parfait pour un s\u00e9minaire r\u00e9sidentiel (salles de r\u00e9union, chambres, repas et pauses, tout est de qualit\u00e9).<\/p>\n<p>(S\u00e9minaire r\u00e9sidentiel, novembre 2023).<\/p>\n<\/div><\/div><div class=\"avia-testimonial-meta\"><div class=\"avia-testimonial-arrow-wrap\"><div class=\"avia-arrow\"><\/div><\/div><div class='avia-testimonial-meta-mini'  itemprop=\"author\" itemscope=\"itemscope\" itemtype=\"https:\/\/schema.org\/Person\" ><strong  class='avia-testimonial-name'  itemprop=\"name\" >Boehringer Ingelheim<\/strong><\/div><\/div><\/div><\/div>\n<\/section><div class='avia-slideshow-arrows avia-slideshow-controls' ><a href='#prev' class='prev-slide  avia-svg-icon avia-font-svg_entypo-fontello' data-av_svg_icon='left-open-big' data-av_iconset='svg_entypo-fontello' tabindex='-1' title=\"Previous\"><svg version=\"1.1\" xmlns=\"http:\/\/www.w3.org\/2000\/svg\" width=\"15\" height=\"32\" viewBox=\"0 0 15 32\" preserveAspectRatio=\"xMidYMid meet\" aria-labelledby='av-svg-title-1' aria-describedby='av-svg-desc-1' role=\"graphics-symbol\" aria-hidden=\"true\">\n<title id='av-svg-title-1'>Previous<\/title>\n<desc id='av-svg-desc-1'>Previous<\/desc>\n<path d=\"M14.464 27.84q0.832 0.832 0 1.536-0.832 0.832-1.536 0l-12.544-12.608q-0.768-0.768 0-1.6l12.544-12.608q0.704-0.832 1.536 0 0.832 0.704 0 1.536l-11.456 11.904z\"><\/path>\n<\/svg><span class='avia_hidden_link_text'>Previous<\/span><\/a><a href='#next' class='next-slide  avia-svg-icon avia-font-svg_entypo-fontello' data-av_svg_icon='right-open-big' data-av_iconset='svg_entypo-fontello' tabindex='-1' title=\"Next\"><svg version=\"1.1\" xmlns=\"http:\/\/www.w3.org\/2000\/svg\" width=\"15\" height=\"32\" viewBox=\"0 0 15 32\" preserveAspectRatio=\"xMidYMid meet\" aria-labelledby='av-svg-title-2' aria-describedby='av-svg-desc-2' role=\"graphics-symbol\" aria-hidden=\"true\">\n<title id='av-svg-title-2'>Next<\/title>\n<desc id='av-svg-desc-2'>Next<\/desc>\n<path d=\"M0.416 27.84l11.456-11.84-11.456-11.904q-0.832-0.832 0-1.536 0.832-0.832 1.536 0l12.544 12.608q0.768 0.832 0 1.6l-12.544 12.608q-0.704 0.832-1.536 0-0.832-0.704 0-1.536z\"><\/path>\n<\/svg><span class='avia_hidden_link_text'>Next<\/span><\/a><\/div><\/div>\n\n<\/div><\/section><br \/>\n\n<style type=\"text\/css\" data-created_by=\"avia_inline_auto\" id=\"style-css-av-4jfqvj-41f66b76a1e791483e7314986a40805c\">\n#top .hr.hr-invisible.av-4jfqvj-41f66b76a1e791483e7314986a40805c{\nheight:50px;\n}\n<\/style>\n<div  class='hr av-4jfqvj-41f66b76a1e791483e7314986a40805c hr-invisible'><span class='hr-inner '><span class=\"hr-inner-style\"><\/span><\/span><\/div><\/p><\/div>\n","protected":false},"excerpt":{"rendered":"","protected":false},"author":1,"featured_media":0,"parent":3302,"menu_order":2,"comment_status":"closed","ping_status":"closed","template":"","meta":{"_acf_changed":false,"footnotes":""},"class_list":["post-3375","page","type-page","status-publish","hentry"],"acf":[],"aioseo_notices":[],"_links":{"self":[{"href":"https:\/\/www.domaine-valinches.fr\/en\/wp-json\/wp\/v2\/pages\/3375","targetHints":{"allow":["GET"]}}],"collection":[{"href":"https:\/\/www.domaine-valinches.fr\/en\/wp-json\/wp\/v2\/pages"}],"about":[{"href":"https:\/\/www.domaine-valinches.fr\/en\/wp-json\/wp\/v2\/types\/page"}],"author":[{"embeddable":true,"href":"https:\/\/www.domaine-valinches.fr\/en\/wp-json\/wp\/v2\/users\/1"}],"replies":[{"embeddable":true,"href":"https:\/\/www.domaine-valinches.fr\/en\/wp-json\/wp\/v2\/comments?post=3375"}],"version-history":[{"count":4,"href":"https:\/\/www.domaine-valinches.fr\/en\/wp-json\/wp\/v2\/pages\/3375\/revisions"}],"predecessor-version":[{"id":4381,"href":"https:\/\/www.domaine-valinches.fr\/en\/wp-json\/wp\/v2\/pages\/3375\/revisions\/4381"}],"up":[{"embeddable":true,"href":"https:\/\/www.domaine-valinches.fr\/en\/wp-json\/wp\/v2\/pages\/3302"}],"wp:attachment":[{"href":"https:\/\/www.domaine-valinches.fr\/en\/wp-json\/wp\/v2\/media?parent=3375"}],"curies":[{"name":"wp","href":"https:\/\/api.w.org\/{rel}","templated":true}]}}