{"id":3347,"date":"2021-12-23T10:30:08","date_gmt":"2021-12-23T09:30:08","guid":{"rendered":"https:\/\/www.domaine-valinches.fr\/bon-cadeau\/"},"modified":"2023-06-20T14:57:40","modified_gmt":"2023-06-20T12:57:40","slug":"gift-voucher","status":"publish","type":"page","link":"https:\/\/www.domaine-valinches.fr\/en\/gift-voucher\/","title":{"rendered":"Gift Voucher"},"content":{"rendered":"\n<style type=\"text\/css\" data-created_by=\"avia_inline_auto\" id=\"style-css-av-ky4nmfpu-b31d1207992d7375e48c7f3ca59d8be4\">\n.avia-section.av-ky4nmfpu-b31d1207992d7375e48c7f3ca59d8be4{\nbackground-repeat:no-repeat;\nbackground-image:url(https:\/\/www.domaine-valinches.fr\/wp-content\/uploads\/2020\/12\/top_domaine.jpg);\nbackground-position:50% 50%;\nbackground-attachment:scroll;\n}\n<\/style>\n<div id='av_section_1'  class='avia-section av-ky4nmfpu-b31d1207992d7375e48c7f3ca59d8be4 main_color avia-section-no-padding avia-no-border-styling  avia-builder-el-0  el_before_av_one_full  avia-builder-el-first  avia-full-stretch avia-bg-style-scroll av-minimum-height av-minimum-height-custom av-height-custom  container_wrap fullsize'  data-section-bg-repeat='stretch' data-av_minimum_height_px='400'><div class='container av-section-cont-open' style='height:400px'><main  role=\"main\" itemprop=\"mainContentOfPage\"  class='template-page content  av-content-full alpha units'><div class='post-entry post-entry-type-page post-entry-3347'><div class='entry-content-wrapper clearfix'><\/div><\/div><\/main><!-- close content main element --><\/div><\/div><div id='after_section_1'  class='main_color av_default_container_wrap container_wrap fullsize'  ><div class='container av-section-cont-open' ><div class='template-page content  av-content-full alpha units'><div class='post-entry post-entry-type-page post-entry-3347'><div class='entry-content-wrapper clearfix'>\n<div  class='flex_column av-jallke-452a28d14cc806c69aff1d2dea32cc0b av_one_full  avia-builder-el-1  el_after_av_section  el_before_av_two_fifth  avia-builder-el-first  first flex_column_div  '     ><p>\n<style type=\"text\/css\" data-created_by=\"avia_inline_auto\" id=\"style-css-av-ky4ng9a3-1d26c0057bfa88bb99a6f8979bb55edd\">\n#top .av-special-heading.av-ky4ng9a3-1d26c0057bfa88bb99a6f8979bb55edd{\npadding-bottom:10px;\n}\nbody .av-special-heading.av-ky4ng9a3-1d26c0057bfa88bb99a6f8979bb55edd .av-special-heading-tag .heading-char{\nfont-size:25px;\n}\n.av-special-heading.av-ky4ng9a3-1d26c0057bfa88bb99a6f8979bb55edd .av-subheading{\nfont-size:15px;\n}\n<\/style>\n<div  class='av-special-heading av-ky4ng9a3-1d26c0057bfa88bb99a6f8979bb55edd av-special-heading-h1 blockquote modern-quote modern-centered  avia-builder-el-2  el_before_av_textblock  avia-builder-el-first '><h1 class='av-special-heading-tag '  itemprop=\"headline\"  >Offer a gift voucher to one of your loved ones?<\/h1><div class=\"special-heading-border\"><div class=\"special-heading-inner-border\"><\/div><\/div><\/div><br \/>\n<section  class='av_textblock_section av-ky4nhr2t-6cc30dfd58f8dc8cf2cfcf32d3a385d2 '   itemscope=\"itemscope\" itemtype=\"https:\/\/schema.org\/CreativeWork\" ><div class='avia_textblock'  itemprop=\"text\" ><p>A restaurant voucher? A stay at the hotel? An original night in a gypsy caravan? Can\u2019t choose\u2026?<br \/>\nDon&#8217;t panic, you can customize your entire voucher.<\/p>\n<h3>Two possibilities:<\/h3>\n<ul>\n<li>Together we choose the composition of the gift voucher, to ensure the most suitable package for its recipient.<br \/>\nFor example: Meal for 2 people, 1 night in a superior room with breakfast for 1 or 2 people, 1 half-day access to our training area dedicated to golfing&#8230;<\/li>\n<li>You can also just decide to fix the amount of the gift voucher and let the recipient use it for the services of their choice, namely: The 4-star hotel (<em>awaiting listing<\/em>), original accommodation in a gypsy caravan, the restaurant and on some activities offered by the Domaine.<\/li>\n<\/ul>\n<\/div><\/section><\/p><\/div>\n<div  class='flex_column av-1mev3y-29f066db52837ee5d9cadeaa80376a61 av_two_fifth  avia-builder-el-4  el_after_av_one_full  el_before_av_three_fifth  first flex_column_div  column-top-margin'     ><p>\n<style type=\"text\/css\" data-created_by=\"avia_inline_auto\" id=\"style-css-av-kyd1c8g7-1ba957eeb560a502f49abe7d873ee743\">\n#top .av-special-heading.av-kyd1c8g7-1ba957eeb560a502f49abe7d873ee743{\npadding-bottom:10px;\n}\nbody .av-special-heading.av-kyd1c8g7-1ba957eeb560a502f49abe7d873ee743 .av-special-heading-tag .heading-char{\nfont-size:25px;\n}\n.av-special-heading.av-kyd1c8g7-1ba957eeb560a502f49abe7d873ee743 .av-subheading{\nfont-size:15px;\ncolor:#d34442;\n}\n<\/style>\n<div  class='av-special-heading av-kyd1c8g7-1ba957eeb560a502f49abe7d873ee743 av-special-heading-h3 custom-color-heading blockquote modern-quote  avia-builder-el-5  el_before_av_textblock  avia-builder-el-first '><h3 class='av-special-heading-tag '  itemprop=\"headline\"  >REQUEST YOUR GIFT CARD<\/h3><div class='av-subheading av-subheading_below'><p>Nothing easier at the Domaine et Ch\u00e2teau de Valinches!<\/p>\n<\/div><div class=\"special-heading-border\"><div class=\"special-heading-inner-border\"><\/div><\/div><\/div><br \/>\n<section  class='av_textblock_section av-kyd11nqq-84fe2ac02b293672c6c655421ecfbf24 '   itemscope=\"itemscope\" itemtype=\"https:\/\/schema.org\/CreativeWork\" ><div class='avia_textblock'  itemprop=\"text\" ><p>If you wish to order a gift voucher you can contact us either by email at <a href=\"mailto:contact@domaine-valinches.fr\">contact@domaine-valinches.fr<\/a> or at <a href=\"tel:+33477522247\">+33(0)4 77 52 22 47<\/a> or by filling out the following form.<\/p>\n<\/div><\/section><br \/>\n\n<style type=\"text\/css\" data-created_by=\"avia_inline_auto\" id=\"style-css-av-kyd137kd-ae334d4ab19afa5e830504d469349aa1\">\n#top .hr.hr-invisible.av-kyd137kd-ae334d4ab19afa5e830504d469349aa1{\nheight:20px;\n}\n<\/style>\n<div  class='hr av-kyd137kd-ae334d4ab19afa5e830504d469349aa1 hr-invisible  avia-builder-el-7  el_after_av_textblock  el_before_av_image '><span class='hr-inner '><span class=\"hr-inner-style\"><\/span><\/span><\/div><br \/>\n\n<style type=\"text\/css\" data-created_by=\"avia_inline_auto\" id=\"style-css-av-ky4nptoq-1e032cf518342be2fda909b5c5b6bc91\">\n.avia-image-container.av-ky4nptoq-1e032cf518342be2fda909b5c5b6bc91 img.avia_image{\n-webkit-box-shadow:none;\n-moz-box-shadow:none;\nbox-shadow:none;\n}\n.avia-image-container.av-ky4nptoq-1e032cf518342be2fda909b5c5b6bc91 .av-image-caption-overlay-center{\ncolor:#ffffff;\n}\n<\/style>\n<div  class='avia-image-container av-ky4nptoq-1e032cf518342be2fda909b5c5b6bc91 av-styling- avia_animated_image av-animated-when-visible-95 right-to-left avia-align-center  avia-builder-el-8  el_after_av_hr  el_before_av_hr '   itemprop=\"image\" itemscope=\"itemscope\" itemtype=\"https:\/\/schema.org\/ImageObject\" ><div class=\"avia-image-container-inner\"><div class=\"avia-image-overlay-wrap\"><img decoding=\"async\" fetchpriority=\"high\" class='wp-image-3135 avia-img-lazy-loading-not-3135 avia_image ' src=\"https:\/\/www.domaine-valinches.fr\/wp-content\/uploads\/2022\/01\/bon2.jpg\" alt='' title=''  height=\"603\" width=\"960\"  itemprop=\"thumbnailUrl\" srcset=\"https:\/\/www.domaine-valinches.fr\/wp-content\/uploads\/2022\/01\/bon2.jpg 960w, https:\/\/www.domaine-valinches.fr\/wp-content\/uploads\/2022\/01\/bon2-300x188.jpg 300w, https:\/\/www.domaine-valinches.fr\/wp-content\/uploads\/2022\/01\/bon2-768x482.jpg 768w, https:\/\/www.domaine-valinches.fr\/wp-content\/uploads\/2022\/01\/bon2-705x443.jpg 705w\" sizes=\"(max-width: 960px) 100vw, 960px\" \/><\/div><\/div><\/div><br \/>\n\n<style type=\"text\/css\" data-created_by=\"avia_inline_auto\" id=\"style-css-av-kyd177ol-dce01c484cf77346dd9e64269bd29eda\">\n#top .hr.hr-invisible.av-kyd177ol-dce01c484cf77346dd9e64269bd29eda{\nheight:20px;\n}\n<\/style>\n<div  class='hr av-kyd177ol-dce01c484cf77346dd9e64269bd29eda hr-invisible  avia-builder-el-9  el_after_av_image  el_before_av_textblock  av-small-hide av-mini-hide'><span class='hr-inner '><span class=\"hr-inner-style\"><\/span><\/span><\/div><br \/>\n<section  class='av_textblock_section av-kyd16ts3-f0375ff23cc788c5749646c817b7e2aa '   itemscope=\"itemscope\" itemtype=\"https:\/\/schema.org\/CreativeWork\" ><div class='avia_textblock'  itemprop=\"text\" ><h3>In a nutshell:<\/h3>\n<ul>\n<li>You define the composition or amount of the gift certificate.<\/li>\n<li>You can pick up the gift voucher printed at the Domaine or receive it by email.<\/li>\n<li>Your loved one will be<strong> able to use it for 1 year<\/strong> from the date of edition.<\/li>\n<\/ul>\n<\/div><\/section><\/p><\/div>\n<div  class='flex_column av-how1we-585051bf2c9843276e43988737ff9471 av_three_fifth  avia-builder-el-11  el_after_av_two_fifth  el_before_av_hr  flex_column_div  column-top-margin'     ><form action=\"https:\/\/www.domaine-valinches.fr\/en\/gift-voucher\/\" method=\"post\" data-fields-with-error=\"Found errors in the following field(s):\" class=\"avia_ajax_form av-form-labels-visible   avia-builder-el-12  avia-builder-el-no-sibling   \" data-avia-form-id=\"1\" data-avia-redirect='' ><fieldset><p class='  first_form  form_element form_element_half' id='element_avia_1_1'><label for=\"avia_1_1\">Last name <abbr class=\"required\" title=\"required\">*<\/abbr><\/label> <input name=\"avia_1_1\" class=\"text_input is_empty\" type=\"text\" id=\"avia_1_1\" value=\"\" \/><\/p><p class='  form_element form_element_half' id='element_avia_2_1'><label for=\"avia_2_1\">First name <abbr class=\"required\" title=\"required\">*<\/abbr><\/label> <input name=\"avia_2_1\" class=\"text_input is_empty\" type=\"text\" id=\"avia_2_1\" value=\"\" \/><\/p><p class='  first_form  form_element form_element_half' id='element_avia_3_1'><label for=\"avia_3_1\">Phone <abbr class=\"required\" title=\"required\">*<\/abbr><\/label> <input name=\"avia_3_1\" class=\"text_input is_phone\" type=\"text\" id=\"avia_3_1\" value=\"\" \/><\/p><p class='  form_element form_element_half' id='element_avia_4_1'><label for=\"avia_4_1\">E-Mail <abbr class=\"required\" title=\"required\">*<\/abbr><\/label> <input name=\"avia_4_1\" class=\"text_input is_email\" type=\"text\" id=\"avia_4_1\" value=\"\" \/><\/p><p class='  first_form  form_element form_fullwidth' id='element_avia_5_1'><label for=\"avia_5_1\">Choice of gift voucher (free amount or package) <abbr class=\"required\" title=\"required\">*<\/abbr><\/label> <input name=\"avia_5_1\" class=\"text_input is_empty\" type=\"text\" id=\"avia_5_1\" value=\"\" \/><\/p><p class='  first_form  form_element form_fullwidth' id='element_avia_6_1'><label for=\"avia_6_1\" class=\"textare_label hidden textare_label_avia_6_1\">Message <abbr class=\"required\" title=\"required\">*<\/abbr><\/label><textarea  name=\"avia_6_1\" class=\"text_area is_empty\" cols=\"40\" rows=\"7\" id=\"avia_6_1\" ><\/textarea><\/p><p class=\"hidden\"><input type=\"text\" name=\"avia_7_1\" class=\"hidden \" id=\"avia_7_1\" value=\"\" \/><\/p><p class='   form_element form_fullwidth' id='element_avia_8_1'><span class='value_verifier_label'>3 + 1 = ?<\/span><input name=\"avia_8_1_verifier\" type=\"hidden\" id=\"avia_8_1_verifier\" value=\"744874641\"\/><label for=\"avia_8_1\">Please prove that you are human by solving the equation <abbr class=\"required\" title=\"required\">*<\/abbr><\/label><input name=\"avia_8_1\" class=\"text_input captcha\" type=\"text\" id=\"avia_8_1\" value=\"\"\/><\/p><p class=\"form_element \"><input type=\"hidden\" value=\"1\" name=\"avia_generated_form1\" \/><input type=\"submit\" value=\"Send\" class=\"button\"  data-sending-label=\"Sending\"\/><\/p><\/fieldset><\/form><div id=\"ajaxresponse_1\" class=\"ajaxresponse ajaxresponse_1 hidden\"><\/div><\/div>\n\n<style type=\"text\/css\" data-created_by=\"avia_inline_auto\" id=\"style-css-av-ebx77i-e9a87edf56f45fa3f7136f21700f402b\">\n#top .hr.hr-invisible.av-ebx77i-e9a87edf56f45fa3f7136f21700f402b{\nheight:50px;\n}\n<\/style>\n<div  class='hr av-ebx77i-e9a87edf56f45fa3f7136f21700f402b hr-invisible  avia-builder-el-13  el_after_av_three_fifth  el_before_av_section  avia-builder-el-last '><span class='hr-inner '><span class=\"hr-inner-style\"><\/span><\/span><\/div>\n<\/div><\/div><\/div><!-- close content main div --><\/div><\/div>\n<style type=\"text\/css\" data-created_by=\"avia_inline_auto\" id=\"style-css-av-br6ala-4a42e4f35de6e94f35206114de2fa0a5\">\n.avia-section.av-br6ala-4a42e4f35de6e94f35206114de2fa0a5 .av-parallax .av-parallax-inner{\nbackground-repeat:no-repeat;\nbackground-image:url(https:\/\/www.domaine-valinches.fr\/wp-content\/uploads\/2020\/08\/chateau-valinches-20-1030x687.jpg);\nbackground-position:50% 50%;\nbackground-attachment:scroll;\n}\n.avia-section.av-br6ala-4a42e4f35de6e94f35206114de2fa0a5 .av-section-color-overlay{\nopacity:0.4;\nbackground-color:#321921;\n}\n<\/style>\n<div id='av_section_2'  class='avia-section av-br6ala-4a42e4f35de6e94f35206114de2fa0a5 main_color avia-section-large avia-no-border-styling  avia-builder-el-14  el_after_av_hr  el_before_av_one_full  av-parallax-section avia-bg-style-parallax av-section-color-overlay-active container_wrap fullsize'  data-section-bg-repeat='no-repeat'><div class='av-parallax' data-avia-parallax-ratio='0.3' ><div class='av-parallax-inner main_color avia-full-stretch'><\/div><\/div><div class=\"av-section-color-overlay-wrap\"><div class=\"av-section-color-overlay\"><\/div><div class='container av-section-cont-open' ><div class='template-page content  av-content-full alpha units'><div class='post-entry post-entry-type-page post-entry-3347'><div class='entry-content-wrapper clearfix'>\n\n<style type=\"text\/css\" data-created_by=\"avia_inline_auto\" id=\"style-css-av-bet4cu-a02d4f1037ee335bce7885fcb4bbae6f\">\n#top .av-special-heading.av-bet4cu-a02d4f1037ee335bce7885fcb4bbae6f{\npadding-bottom:10px;\ncolor:#ffffff;\n}\nbody .av-special-heading.av-bet4cu-a02d4f1037ee335bce7885fcb4bbae6f .av-special-heading-tag .heading-char{\nfont-size:25px;\n}\n.av-special-heading.av-bet4cu-a02d4f1037ee335bce7885fcb4bbae6f .special-heading-inner-border{\nborder-color:#ffffff;\n}\n.av-special-heading.av-bet4cu-a02d4f1037ee335bce7885fcb4bbae6f .av-subheading{\nfont-size:15px;\n}\n<\/style>\n<div  class='av-special-heading av-bet4cu-a02d4f1037ee335bce7885fcb4bbae6f av-special-heading-h2 custom-color-heading blockquote modern-quote modern-centered  avia-builder-el-15  avia-builder-el-no-sibling  ombre'><h2 class='av-special-heading-tag '  itemprop=\"headline\"  >Testimonial<\/h2><div class=\"special-heading-border\"><div class=\"special-heading-inner-border\"><\/div><\/div><\/div>\n<\/div><\/div><\/div><!-- close content main div --><\/div><\/div><\/div><div id='after_section_2'  class='main_color av_default_container_wrap container_wrap fullsize'  ><div class='container av-section-cont-open' ><div class='template-page content  av-content-full alpha units'><div class='post-entry post-entry-type-page post-entry-3347'><div class='entry-content-wrapper clearfix'>\n<div  class='flex_column av-94gfym-827c5e75de1e62d81415691ac2a35148 av_one_full  avia-builder-el-16  el_after_av_section  avia-builder-el-no-sibling  nlsib first flex_column_div  '     ><p><section  class='av_textblock_section av-82lx1a-8101f44fd7c6c1e61b2d75b43c05fb0d '   itemscope=\"itemscope\" itemtype=\"https:\/\/schema.org\/CreativeWork\" ><div class='avia_textblock'  itemprop=\"text\" >\n<style type=\"text\/css\" data-created_by=\"avia_inline_auto\" id=\"style-css-av-lwsyb3cr-eae29446b47781b2f4ba074a7c0b254c\">\n#top .hr.hr-invisible.av-lwsyb3cr-eae29446b47781b2f4ba074a7c0b254c{\nheight:70px;\n}\n<\/style>\n<div  class='hr av-lwsyb3cr-eae29446b47781b2f4ba074a7c0b254c hr-invisible'><span class='hr-inner '><span class=\"hr-inner-style\"><\/span><\/span><\/div>\n<section  class='av_textblock_section av-lwsyax0z-34fb26ee7a02ae5a4762b7d96740ed74 '   itemscope=\"itemscope\" itemtype=\"https:\/\/schema.org\/CreativeWork\" ><div class='avia_textblock testititle'  itemprop=\"text\" ><h2>T\u00e9moignages<\/h2>\n<\/div><\/section>\n\n<style type=\"text\/css\" data-created_by=\"avia_inline_auto\" id=\"style-css-av-e6qbac-a3b4f4cee75c17299bfd34908ac2df92\">\n#top .av-slideshow-ui.av-e6qbac-a3b4f4cee75c17299bfd34908ac2df92 .avia-slideshow-arrows a{\ncolor:#321921;\n}\n#top .av-slideshow-ui.av-e6qbac-a3b4f4cee75c17299bfd34908ac2df92 .avia-slideshow-arrows a.avia-svg-icon svg:first-child{\nstroke:#321921 !important;\nfill:#321921 !important;\n}\n<\/style>\n<div  class='avia-testimonial-wrapper av-e6qbac-a3b4f4cee75c17299bfd34908ac2df92 avia-slider-testimonials avia-slider-2-testimonials avia_animate_when_almost_visible av-large-testimonial-slider av-slideshow-ui av-control-default av-nav-arrows-visible av-no-slider-navigation av-slider-hover-pause av-slideshow-autoplay av-loop-endless av-loop-manual-endless' data-slideshow-options=\"{&quot;animation&quot;:&quot;fade&quot;,&quot;autoplay&quot;:true,&quot;loop_autoplay&quot;:&quot;endless&quot;,&quot;interval&quot;:5,&quot;loop_manual&quot;:&quot;manual-endless&quot;,&quot;autoplay_stopper&quot;:false,&quot;noNavigation&quot;:false,&quot;bg_slider&quot;:false,&quot;keep_padding&quot;:&quot;&quot;,&quot;hoverpause&quot;:true,&quot;show_slide_delay&quot;:0}\">\n<section class=\"avia-testimonial-row\"><div class='avia-testimonial av-lsx3ym84-fadfa94e1550662b6af137e9f42102d0 avia-testimonial-row-1 avia-first-testimonial flex_column no_margin av_one_half'><div class='avia-testimonial_inner'  itemscope=\"itemscope\" itemtype=\"https:\/\/schema.org\/CreativeWork\" ><div class='avia-testimonial-content '><div class='avia-testimonial-markup-entry-content'  itemprop=\"text\" ><p>Un lieu magique pour c\u00e9l\u00e9brer notre mariage!<br \/>\nLe domaine est extraordinaire, la salle de r\u00e9ception magnifique et les chambres parfaites!<br \/>\nMerci \u00e0 toute l&#8217;\u00e9quipe, toujours disponible et tr\u00e8s agr\u00e9able! Un service de qualit\u00e9 et raffin\u00e9, le cocktail ainsi que le diner d\u00e9licieux! Merci pour toutes vos attentions tout au long du weekend! Quel professionnalisme! L&#8217;acc\u00e8s aux terrains de golf et de p\u00e9tanque le dimanche apr\u00e8s le brunch est un vrai plus qui permet de parfaire la fin du weekend!<\/p>\n<\/div><\/div><div class=\"avia-testimonial-meta\"><div class=\"avia-testimonial-arrow-wrap\"><div class=\"avia-arrow\"><\/div><\/div><div class='avia-testimonial-meta-mini'  itemprop=\"author\" itemscope=\"itemscope\" itemtype=\"https:\/\/schema.org\/Person\" ><strong  class='avia-testimonial-name'  itemprop=\"name\" >Marie-Laure &amp; Vincent<\/strong><span  class='avia-testimonial-subtitle '  itemprop=\"jobTitle\" >Mariage du 13\/04\/2024<\/span><\/div><\/div><\/div><\/div>\n<div class='avia-testimonial av-lgw7n352-0711ead724921d6ec7d3f6e078bb2e05 avia-testimonial-row-1 flex_column no_margin av_one_half'><div class='avia-testimonial_inner'  itemscope=\"itemscope\" itemtype=\"https:\/\/schema.org\/CreativeWork\" ><div class='avia-testimonial-content '><div class='avia-testimonial-markup-entry-content'  itemprop=\"text\" ><p>Magnifique cadre, prestations de qualit\u00e9, la literie est exceptionnelle, les invit\u00e9s \u00e9taient tous enchant\u00e9s, nous ne regrettons pas notre choix.<\/p>\n<\/div><\/div><div class=\"avia-testimonial-meta\"><div class=\"avia-testimonial-arrow-wrap\"><div class=\"avia-arrow\"><\/div><\/div><div class='avia-testimonial-meta-mini'  itemprop=\"author\" itemscope=\"itemscope\" itemtype=\"https:\/\/schema.org\/Person\" ><strong  class='avia-testimonial-name'  itemprop=\"name\" >Marina &amp; Jean-Baptiste<\/strong><span  class='avia-testimonial-subtitle '  itemprop=\"jobTitle\" >Mariage du 22\/06\/2024<\/span><\/div><\/div><\/div><\/div>\n<div class='avia-testimonial av-chw8p0-03ed4bcb6c5a1eb35ca3d6b24ba52961 avia-testimonial-row-1 flex_column no_margin av_one_half'><div class='avia-testimonial_inner'  itemscope=\"itemscope\" itemtype=\"https:\/\/schema.org\/CreativeWork\" ><div class='avia-testimonial-content '><div class='avia-testimonial-markup-entry-content'  itemprop=\"text\" ><p>Le domaine de Valinches a \u00e9t\u00e9 exceptionnel ! Delphine et son \u00e9quipe ont su \u00eatre \u00e0 l\u2019\u00e9coute et professionnels tout au long de nos pr\u00e9paratifs jusqu\u2019au week end de notre mariage ! Un grand merci \u00e0 Delphine !<br \/>\nTous les invit\u00e9s ont appr\u00e9ci\u00e9 la beaut\u00e9 du lieu et la qualit\u00e9 du service de l\u2019ensemble de l\u2019\u00e9quipe du domaine !<br \/>\nLe chef et son \u00e9quipe a r\u00e9gal\u00e9 l\u2019ensemble des convives que ce soit au vin d\u2019honneur ou au repas \ud83d\ude03<\/p>\n<\/div><\/div><div class=\"avia-testimonial-meta\"><div class=\"avia-testimonial-arrow-wrap\"><div class=\"avia-arrow\"><\/div><\/div><div class='avia-testimonial-meta-mini'  itemprop=\"author\" itemscope=\"itemscope\" itemtype=\"https:\/\/schema.org\/Person\" ><strong  class='avia-testimonial-name'  itemprop=\"name\" >Nicole &amp; Pierre-Emmanuel<\/strong><span  class='avia-testimonial-subtitle '  itemprop=\"jobTitle\" >Mariage du 08\/06\/2024<\/span><\/div><\/div><\/div><\/div>\n<div class='avia-testimonial av-le73edqv-c67ef20c0725ddabd96d48c29eea4878 avia-testimonial-row-1 flex_column no_margin av_one_half'><div class='avia-testimonial_inner'  itemscope=\"itemscope\" itemtype=\"https:\/\/schema.org\/CreativeWork\" ><div class='avia-testimonial-content '><div class='avia-testimonial-markup-entry-content'  itemprop=\"text\" ><p>Superbe domaine avec son ch\u00e2teau et son parc de 15 hectares. Les invit\u00e9s \u00e9taient \u00e9poustoufl\u00e9 de voir un si beau lieu et de magnifiques chambres. Le personnel est professionnel car on ne manquait jamais de rien \u00e0 tous les moments de la journ\u00e9e. Si c&#8217;\u00e9tait \u00e0 refaire, je me remarierai \u00e0 Valinches. Merci \u00e0 Bruno et Muriel d&#8217;avoir r\u00e9nov\u00e9 ce domaine ; c&#8217;est que du bonheur pour les mari\u00e9s !!! A bient\u00f4t !<\/p>\n<\/div><\/div><div class=\"avia-testimonial-meta\"><div class=\"avia-testimonial-arrow-wrap\"><div class=\"avia-arrow\"><\/div><\/div><div class='avia-testimonial-meta-mini'  itemprop=\"author\" itemscope=\"itemscope\" itemtype=\"https:\/\/schema.org\/Person\" ><strong  class='avia-testimonial-name'  itemprop=\"name\" >Roselyne &amp; Damien<\/strong><span  class='avia-testimonial-subtitle '  itemprop=\"jobTitle\" >Mariage du 27\/04\/2024<\/span><\/div><\/div><\/div><\/div>\n<div class='avia-testimonial av-le73f0e6-ed4821bca7a6a1f442b3e861949a6863 avia-testimonial-row-1 flex_column no_margin av_one_half'><div class='avia-testimonial_inner'  itemscope=\"itemscope\" itemtype=\"https:\/\/schema.org\/CreativeWork\" ><div class='avia-testimonial-content '><div class='avia-testimonial-markup-entry-content'  itemprop=\"text\" ><p>Que dire sur Valinches ? Une \u00e9quipe \u00e0 l&#8217;\u00e9coute, Laurie \u00e0 su nous accompagner durant la totalit\u00e9 de notre pr\u00e9paration au mariage. Le lieu est magnifique. Si c&#8217;\u00e9tait a refaire, nous ne changerions d&#8217;endroit pour rien au monde.<\/p>\n<\/div><\/div><div class=\"avia-testimonial-meta\"><div class=\"avia-testimonial-arrow-wrap\"><div class=\"avia-arrow\"><\/div><\/div><div class='avia-testimonial-meta-mini'  itemprop=\"author\" itemscope=\"itemscope\" itemtype=\"https:\/\/schema.org\/Person\" ><strong  class='avia-testimonial-name'  itemprop=\"name\" >Anais &amp; S\u00e9bastien<\/strong><span  class='avia-testimonial-subtitle '  itemprop=\"jobTitle\" >Mariage du 20\/04\/2024<\/span><\/div><\/div><\/div><\/div>\n<\/section><div class='avia-slideshow-arrows avia-slideshow-controls' ><a href='#prev' class='prev-slide  avia-svg-icon avia-font-svg_entypo-fontello' data-av_svg_icon='left-open-big' data-av_iconset='svg_entypo-fontello' tabindex='-1' title=\"Previous\"><svg version=\"1.1\" xmlns=\"http:\/\/www.w3.org\/2000\/svg\" width=\"15\" height=\"32\" viewBox=\"0 0 15 32\" preserveAspectRatio=\"xMidYMid meet\" aria-labelledby='av-svg-title-1' aria-describedby='av-svg-desc-1' role=\"graphics-symbol\" aria-hidden=\"true\">\n<title id='av-svg-title-1'>Previous<\/title>\n<desc id='av-svg-desc-1'>Previous<\/desc>\n<path d=\"M14.464 27.84q0.832 0.832 0 1.536-0.832 0.832-1.536 0l-12.544-12.608q-0.768-0.768 0-1.6l12.544-12.608q0.704-0.832 1.536 0 0.832 0.704 0 1.536l-11.456 11.904z\"><\/path>\n<\/svg><span class='avia_hidden_link_text'>Previous<\/span><\/a><a href='#next' class='next-slide  avia-svg-icon avia-font-svg_entypo-fontello' data-av_svg_icon='right-open-big' data-av_iconset='svg_entypo-fontello' tabindex='-1' title=\"Next\"><svg version=\"1.1\" xmlns=\"http:\/\/www.w3.org\/2000\/svg\" width=\"15\" height=\"32\" viewBox=\"0 0 15 32\" preserveAspectRatio=\"xMidYMid meet\" aria-labelledby='av-svg-title-2' aria-describedby='av-svg-desc-2' role=\"graphics-symbol\" aria-hidden=\"true\">\n<title id='av-svg-title-2'>Next<\/title>\n<desc id='av-svg-desc-2'>Next<\/desc>\n<path d=\"M0.416 27.84l11.456-11.84-11.456-11.904q-0.832-0.832 0-1.536 0.832-0.832 1.536 0l12.544 12.608q0.768 0.832 0 1.6l-12.544 12.608q-0.704 0.832-1.536 0-0.832-0.704 0-1.536z\"><\/path>\n<\/svg><span class='avia_hidden_link_text'>Next<\/span><\/a><\/div><\/div>\n\n<\/div><\/section><br \/>\n<div  class='avia-button-wrap av-37crem-91a89d399001c173247aad51bf239b79-wrap avia-button-center  avia-builder-el-18  el_after_av_textblock  el_before_av_hr '><a href='https:\/\/www.domaine-valinches.fr\/en\/guestbook\/'  class='avia-button av-37crem-91a89d399001c173247aad51bf239b79 av-link-btn avia-icon_select-no avia-size-medium avia-position-center avia-color-theme-color'   aria-label=\"Share your experience\"><span class='avia_iconbox_title' >Share your experience<\/span><\/a><\/div><br \/>\n\n<style type=\"text\/css\" data-created_by=\"avia_inline_auto\" id=\"style-css-av-5gocxa-5ed6d5646a8315d88fd97e3f7be1b7ee\">\n#top .hr.hr-invisible.av-5gocxa-5ed6d5646a8315d88fd97e3f7be1b7ee{\nheight:50px;\n}\n<\/style>\n<div  class='hr av-5gocxa-5ed6d5646a8315d88fd97e3f7be1b7ee hr-invisible  avia-builder-el-19  el_after_av_button  avia-builder-el-last '><span class='hr-inner '><span class=\"hr-inner-style\"><\/span><\/span><\/div><\/p><\/div>\n","protected":false},"excerpt":{"rendered":"","protected":false},"author":1,"featured_media":0,"parent":0,"menu_order":0,"comment_status":"closed","ping_status":"closed","template":"","meta":{"_acf_changed":false,"footnotes":""},"class_list":["post-3347","page","type-page","status-publish","hentry"],"acf":[],"aioseo_notices":[],"_links":{"self":[{"href":"https:\/\/www.domaine-valinches.fr\/en\/wp-json\/wp\/v2\/pages\/3347","targetHints":{"allow":["GET"]}}],"collection":[{"href":"https:\/\/www.domaine-valinches.fr\/en\/wp-json\/wp\/v2\/pages"}],"about":[{"href":"https:\/\/www.domaine-valinches.fr\/en\/wp-json\/wp\/v2\/types\/page"}],"author":[{"embeddable":true,"href":"https:\/\/www.domaine-valinches.fr\/en\/wp-json\/wp\/v2\/users\/1"}],"replies":[{"embeddable":true,"href":"https:\/\/www.domaine-valinches.fr\/en\/wp-json\/wp\/v2\/comments?post=3347"}],"version-history":[{"count":4,"href":"https:\/\/www.domaine-valinches.fr\/en\/wp-json\/wp\/v2\/pages\/3347\/revisions"}],"predecessor-version":[{"id":4372,"href":"https:\/\/www.domaine-valinches.fr\/en\/wp-json\/wp\/v2\/pages\/3347\/revisions\/4372"}],"wp:attachment":[{"href":"https:\/\/www.domaine-valinches.fr\/en\/wp-json\/wp\/v2\/media?parent=3347"}],"curies":[{"name":"wp","href":"https:\/\/api.w.org\/{rel}","templated":true}]}}